{"id":37,"date":"2020-09-02T16:23:51","date_gmt":"2020-09-02T14:23:51","guid":{"rendered":"https:\/\/www.eugeniechidlin.com\/?page_id=37"},"modified":"2024-11-26T02:35:14","modified_gmt":"2024-11-26T01:35:14","slug":"creatrice-devenements","status":"publish","type":"page","link":"https:\/\/www.eugeniechidlin.com\/index.php\/creatrice-devenements\/","title":{"rendered":"Ev\u00e9nements immersifs"},"content":{"rendered":"\n<hr class=\"wp-block-separator has-alpha-channel-opacity\"\/>\n\n\n\n<div class=\"wp-block-media-text is-stacked-on-mobile\" style=\"grid-template-columns:32% auto\"><figure class=\"wp-block-media-text__media\"><img loading=\"lazy\" decoding=\"async\" width=\"754\" height=\"423\" src=\"https:\/\/www.eugeniechidlin.com\/wp-content\/uploads\/2024\/04\/gnjardindesfees.jpg\" alt=\"\" class=\"wp-image-123 size-full\" srcset=\"https:\/\/www.eugeniechidlin.com\/wp-content\/uploads\/2024\/04\/gnjardindesfees.jpg 754w, https:\/\/www.eugeniechidlin.com\/wp-content\/uploads\/2024\/04\/gnjardindesfees-300x168.jpg 300w, https:\/\/www.eugeniechidlin.com\/wp-content\/uploads\/2024\/04\/gnjardindesfees-107x60.jpg 107w\" sizes=\"(max-width: 754px) 100vw, 754px\" \/><\/figure><div class=\"wp-block-media-text__content\">\n<h3 class=\"wp-block-heading\">GN Le Jardin des F\u00e9es &#8211; La Lanterne Bris\u00e9e<\/h3>\n\n\n\n<p>Maisons-Laffitte, le 18 juin 2022 et le 22 juillet 2023<br>Jeu de r\u00f4le grandeur nature organis\u00e9 pour le lancement officiel de la bande dessin\u00e9e Le Jardin des F\u00e9es en pr\u00e9sence de Nora Moretti (dessins) et Audrey Alwett (sc\u00e9nario)<\/p>\n<\/div><\/div>\n\n\n\n<hr class=\"wp-block-separator has-alpha-channel-opacity\"\/>\n\n\n\n<div class=\"wp-block-media-text is-stacked-on-mobile\" style=\"grid-template-columns:32% auto\"><figure class=\"wp-block-media-text__media\"><img loading=\"lazy\" decoding=\"async\" width=\"1024\" height=\"576\" src=\"https:\/\/www.eugeniechidlin.com\/wp-content\/uploads\/2024\/04\/77025534_2508562389415444_5445347485637672960_n-1024x576.jpg\" alt=\"\" class=\"wp-image-125 size-full\" srcset=\"https:\/\/www.eugeniechidlin.com\/wp-content\/uploads\/2024\/04\/77025534_2508562389415444_5445347485637672960_n-1024x576.jpg 1024w, https:\/\/www.eugeniechidlin.com\/wp-content\/uploads\/2024\/04\/77025534_2508562389415444_5445347485637672960_n-300x169.jpg 300w, https:\/\/www.eugeniechidlin.com\/wp-content\/uploads\/2024\/04\/77025534_2508562389415444_5445347485637672960_n-768x432.jpg 768w, https:\/\/www.eugeniechidlin.com\/wp-content\/uploads\/2024\/04\/77025534_2508562389415444_5445347485637672960_n-1536x864.jpg 1536w, https:\/\/www.eugeniechidlin.com\/wp-content\/uploads\/2024\/04\/77025534_2508562389415444_5445347485637672960_n-107x60.jpg 107w, https:\/\/www.eugeniechidlin.com\/wp-content\/uploads\/2024\/04\/77025534_2508562389415444_5445347485637672960_n.jpg 1778w\" sizes=\"(max-width: 1024px) 100vw, 1024px\" \/><\/figure><div class=\"wp-block-media-text__content\">\n<h3 class=\"wp-block-heading\">Grand Bal Cosplay : Casse-Noisette<\/h3>\n\n\n\n<p>7 d\u00e9cembre 2019, Manoir de Longuelune<br>F\u00e9\u00e9rie hivernale unique sur le th\u00e8me du Casse-Noisette pour la quatri\u00e8me \u00e9dition du Grand Bal Cosplay !<\/p>\n<\/div><\/div>\n\n\n\n<hr class=\"wp-block-separator has-alpha-channel-opacity\"\/>\n\n\n\n<div class=\"wp-block-media-text is-stacked-on-mobile\" style=\"grid-template-columns:32% auto\"><figure class=\"wp-block-media-text__media\"><img loading=\"lazy\" decoding=\"async\" width=\"1024\" height=\"681\" src=\"https:\/\/www.eugeniechidlin.com\/wp-content\/uploads\/2024\/04\/298447758_740206570528194_8079615399212406231_n-1024x681.jpg\" alt=\"\" class=\"wp-image-124 size-full\" srcset=\"https:\/\/www.eugeniechidlin.com\/wp-content\/uploads\/2024\/04\/298447758_740206570528194_8079615399212406231_n-1024x681.jpg 1024w, https:\/\/www.eugeniechidlin.com\/wp-content\/uploads\/2024\/04\/298447758_740206570528194_8079615399212406231_n-300x200.jpg 300w, https:\/\/www.eugeniechidlin.com\/wp-content\/uploads\/2024\/04\/298447758_740206570528194_8079615399212406231_n-768x511.jpg 768w, https:\/\/www.eugeniechidlin.com\/wp-content\/uploads\/2024\/04\/298447758_740206570528194_8079615399212406231_n-1536x1022.jpg 1536w, https:\/\/www.eugeniechidlin.com\/wp-content\/uploads\/2024\/04\/298447758_740206570528194_8079615399212406231_n-450x300.jpg 450w, https:\/\/www.eugeniechidlin.com\/wp-content\/uploads\/2024\/04\/298447758_740206570528194_8079615399212406231_n-90x60.jpg 90w, https:\/\/www.eugeniechidlin.com\/wp-content\/uploads\/2024\/04\/298447758_740206570528194_8079615399212406231_n.jpg 2048w\" sizes=\"(max-width: 1024px) 100vw, 1024px\" \/><\/figure><div class=\"wp-block-media-text__content\">\n<h3 class=\"wp-block-heading\">Grand Bal Cosplay : Alice au Pays des Merveilles<\/h3>\n\n\n\n<p>7 mai 2019, Manoir de Longuelune<br>La Reine de C\u0153ur a convi\u00e9 tous les habitants du Wonderland \u00e0 un bal \u00e0 en perdre la t\u00eate.<\/p>\n<\/div><\/div>\n\n\n\n<hr class=\"wp-block-separator has-alpha-channel-opacity\"\/>\n\n\n\n<div class=\"wp-block-media-text is-stacked-on-mobile\" style=\"grid-template-columns:32% auto\"><figure class=\"wp-block-media-text__media\"><img loading=\"lazy\" decoding=\"async\" width=\"634\" height=\"405\" src=\"https:\/\/www.eugeniechidlin.com\/wp-content\/uploads\/2024\/04\/j0j2uemh.png\" alt=\"\" class=\"wp-image-118 size-full\" srcset=\"https:\/\/www.eugeniechidlin.com\/wp-content\/uploads\/2024\/04\/j0j2uemh.png 634w, https:\/\/www.eugeniechidlin.com\/wp-content\/uploads\/2024\/04\/j0j2uemh-300x192.png 300w, https:\/\/www.eugeniechidlin.com\/wp-content\/uploads\/2024\/04\/j0j2uemh-94x60.png 94w\" sizes=\"(max-width: 634px) 100vw, 634px\" \/><\/figure><div class=\"wp-block-media-text__content\">\n<h3 class=\"wp-block-heading\">Grand Bal Cosplay : Princesse Sara<\/h3>\n\n\n\n<p>5 mai 2018, Manoir de Longuelune<br>Avec la pr\u00e9sence de Nora Moretti et Audrey Alwett, respectivement dessinatrice et sc\u00e9nariste de la s\u00e9rie de bandes dessin\u00e9es Princesse Sara.<\/p>\n<\/div><\/div>\n\n\n\n<hr class=\"wp-block-separator has-alpha-channel-opacity\"\/>\n\n\n\n<div class=\"wp-block-media-text is-stacked-on-mobile\" style=\"grid-template-columns:32% auto\"><figure class=\"wp-block-media-text__media\"><img loading=\"lazy\" decoding=\"async\" width=\"733\" height=\"556\" src=\"https:\/\/www.eugeniechidlin.com\/wp-content\/uploads\/2024\/04\/10531259_330962560388370_3630534744716858554_o-2.jpg\" alt=\"\" class=\"wp-image-128 size-full\" srcset=\"https:\/\/www.eugeniechidlin.com\/wp-content\/uploads\/2024\/04\/10531259_330962560388370_3630534744716858554_o-2.jpg 733w, https:\/\/www.eugeniechidlin.com\/wp-content\/uploads\/2024\/04\/10531259_330962560388370_3630534744716858554_o-2-300x228.jpg 300w, https:\/\/www.eugeniechidlin.com\/wp-content\/uploads\/2024\/04\/10531259_330962560388370_3630534744716858554_o-2-79x60.jpg 79w\" sizes=\"(max-width: 733px) 100vw, 733px\" \/><\/figure><div class=\"wp-block-media-text__content\">\n<h3 class=\"wp-block-heading\">GN Les Echos de Silent Hall<\/h3>\n\n\n\n<p>Jeu de r\u00f4le Grandeur Nature se d\u00e9roulant en Angleterre \u00e0 l&rsquo;\u00e9poque Victorienne.<\/p>\n<\/div><\/div>\n\n\n\n<hr class=\"wp-block-separator has-alpha-channel-opacity\"\/>\n\n\n\n<div class=\"wp-block-media-text is-stacked-on-mobile\" style=\"grid-template-columns:32% auto\"><figure class=\"wp-block-media-text__media\"><img loading=\"lazy\" decoding=\"async\" width=\"973\" height=\"650\" src=\"https:\/\/www.eugeniechidlin.com\/wp-content\/uploads\/2024\/04\/rkoy290l.png\" alt=\"\" class=\"wp-image-120 size-full\" srcset=\"https:\/\/www.eugeniechidlin.com\/wp-content\/uploads\/2024\/04\/rkoy290l.png 973w, https:\/\/www.eugeniechidlin.com\/wp-content\/uploads\/2024\/04\/rkoy290l-300x200.png 300w, https:\/\/www.eugeniechidlin.com\/wp-content\/uploads\/2024\/04\/rkoy290l-768x513.png 768w, https:\/\/www.eugeniechidlin.com\/wp-content\/uploads\/2024\/04\/rkoy290l-450x300.png 450w, https:\/\/www.eugeniechidlin.com\/wp-content\/uploads\/2024\/04\/rkoy290l-90x60.png 90w\" sizes=\"(max-width: 973px) 100vw, 973px\" \/><\/figure><div class=\"wp-block-media-text__content\">\n<h3 class=\"wp-block-heading\">Grand Bal Cosplay : Bedtime Stories<\/h3>\n\n\n\n<p>14 septembre 2013, Manoir de Longuelune <br>Premi\u00e8re \u00e9dition sous le signe des romans et des contes : replongez-vous dans l\u2019univers color\u00e9 et fantasmagorique de vos r\u00eaves d\u2019enfants.<\/p>\n<\/div><\/div>\n","protected":false},"excerpt":{"rendered":"<p>GN Le Jardin des F\u00e9es &#8211; La Lanterne Bris\u00e9e Maisons-Laffitte, le 18 juin 2022 et le 22 juillet 2023Jeu de r\u00f4le grandeur nature organis\u00e9 pour le lancement officiel de la bande dessin\u00e9e Le Jardin des F\u00e9es en pr\u00e9sence de Nora Moretti (dessins) et Audrey Alwett (sc\u00e9nario) Grand Bal Cosplay : Casse-Noisette 7 d\u00e9cembre 2019, Manoir &hellip; <\/p>\n","protected":false},"author":1,"featured_media":0,"parent":0,"menu_order":0,"comment_status":"closed","ping_status":"closed","template":"","meta":{"footnotes":""},"_links":{"self":[{"href":"https:\/\/www.eugeniechidlin.com\/index.php\/wp-json\/wp\/v2\/pages\/37"}],"collection":[{"href":"https:\/\/www.eugeniechidlin.com\/index.php\/wp-json\/wp\/v2\/pages"}],"about":[{"href":"https:\/\/www.eugeniechidlin.com\/index.php\/wp-json\/wp\/v2\/types\/page"}],"author":[{"embeddable":true,"href":"https:\/\/www.eugeniechidlin.com\/index.php\/wp-json\/wp\/v2\/users\/1"}],"replies":[{"embeddable":true,"href":"https:\/\/www.eugeniechidlin.com\/index.php\/wp-json\/wp\/v2\/comments?post=37"}],"version-history":[{"count":8,"href":"https:\/\/www.eugeniechidlin.com\/index.php\/wp-json\/wp\/v2\/pages\/37\/revisions"}],"predecessor-version":[{"id":214,"href":"https:\/\/www.eugeniechidlin.com\/index.php\/wp-json\/wp\/v2\/pages\/37\/revisions\/214"}],"wp:attachment":[{"href":"https:\/\/www.eugeniechidlin.com\/index.php\/wp-json\/wp\/v2\/media?parent=37"}],"curies":[{"name":"wp","href":"https:\/\/api.w.org\/{rel}","templated":true}]}}