{"id":36,"date":"2020-09-02T16:23:51","date_gmt":"2020-09-02T14:23:51","guid":{"rendered":"https:\/\/www.eugeniechidlin.com\/?page_id=36"},"modified":"2024-11-26T02:32:25","modified_gmt":"2024-11-26T01:32:25","slug":"conferenciere","status":"publish","type":"page","link":"https:\/\/www.eugeniechidlin.com\/index.php\/conferenciere\/","title":{"rendered":"Agenda"},"content":{"rendered":"\n<hr class=\"wp-block-separator has-alpha-channel-opacity\"\/>\n\n\n\n<div class=\"wp-block-media-text is-stacked-on-mobile is-vertically-aligned-center\" style=\"grid-template-columns:34% auto\"><figure class=\"wp-block-media-text__media\"><a href=\"https:\/\/l.instagram.com\/?u=https%3A%2F%2Fdocs.google.com%2Fforms%2Fd%2F1chTwjvHx9RCQsQY7SR-kpTDJvFHH2TmI8pzqdzeTeT0%2Fedit%3Ffbclid%3DPAZXh0bgNhZW0CMTEAAaY8IrUQXlA8TLKvoiKGOpO6aeC6wvB_8YdCH3OauLXqKsNYc6JpdIQ69Wk_aem_G-9Uw0SuvEAetR191UAEww&amp;e=AT3dIhuRD1FeDXx9QoH68ahZm28meerXtCxfBu7V7LrTzN-_SD4ox8xz8d_AxxzRbF_1rJYePvi2bzLVf_nmAGk5O57j5g8gIQxuBZixVB-gLLN5DvjFuQ\"><img loading=\"lazy\" decoding=\"async\" width=\"1024\" height=\"577\" src=\"https:\/\/www.eugeniechidlin.com\/wp-content\/uploads\/2024\/11\/Bal-des-Amants-Maudits-1024x577.png\" alt=\"\" class=\"wp-image-208 size-full\" srcset=\"https:\/\/www.eugeniechidlin.com\/wp-content\/uploads\/2024\/11\/Bal-des-Amants-Maudits-1024x577.png 1024w, https:\/\/www.eugeniechidlin.com\/wp-content\/uploads\/2024\/11\/Bal-des-Amants-Maudits-300x169.png 300w, https:\/\/www.eugeniechidlin.com\/wp-content\/uploads\/2024\/11\/Bal-des-Amants-Maudits-768x433.png 768w, https:\/\/www.eugeniechidlin.com\/wp-content\/uploads\/2024\/11\/Bal-des-Amants-Maudits-1536x865.png 1536w, https:\/\/www.eugeniechidlin.com\/wp-content\/uploads\/2024\/11\/Bal-des-Amants-Maudits-106x60.png 106w, https:\/\/www.eugeniechidlin.com\/wp-content\/uploads\/2024\/11\/Bal-des-Amants-Maudits.png 1640w\" sizes=\"(max-width: 1024px) 100vw, 1024px\" \/><\/a><\/figure><div class=\"wp-block-media-text__content\">\n<h2 class=\"wp-block-heading has-text-align-left\">Le Bal des Amants Maudits<\/h2>\n\n\n\n<p class=\"has-medium-font-size\">Samedi 15 f\u00e9vrier 2025<br>Cliquez <a href=\"https:\/\/l.instagram.com\/?u=https%3A%2F%2Fdocs.google.com%2Fforms%2Fd%2F1chTwjvHx9RCQsQY7SR-kpTDJvFHH2TmI8pzqdzeTeT0%2Fedit%3Ffbclid%3DPAZXh0bgNhZW0CMTEAAaY8IrUQXlA8TLKvoiKGOpO6aeC6wvB_8YdCH3OauLXqKsNYc6JpdIQ69Wk_aem_G-9Uw0SuvEAetR191UAEww&amp;e=AT3dIhuRD1FeDXx9QoH68ahZm28meerXtCxfBu7V7LrTzN-_SD4ox8xz8d_AxxzRbF_1rJYePvi2bzLVf_nmAGk5O57j5g8gIQxuBZixVB-gLLN5DvjFuQ\">ici<\/a> pour acc\u00e9der au lien de pr\u00e9-inscription<\/p>\n<\/div><\/div>\n\n\n\n<hr class=\"wp-block-separator has-alpha-channel-opacity\"\/>\n\n\n\n<div class=\"wp-block-media-text is-stacked-on-mobile is-vertically-aligned-center\" style=\"grid-template-columns:34% auto\"><figure class=\"wp-block-media-text__media\"><a href=\"https:\/\/event.imagin-con.org\/speaker\/fd5b1e1f-05e6-ee11-85fc-000d3a484728\/intervenante-suok-chan-eugenie-chidlin\"><img loading=\"lazy\" decoding=\"async\" width=\"679\" height=\"960\" src=\"https:\/\/www.eugeniechidlin.com\/wp-content\/uploads\/2024\/11\/salon_imaginaire.jpg\" alt=\"\" class=\"wp-image-200 size-full\" srcset=\"https:\/\/www.eugeniechidlin.com\/wp-content\/uploads\/2024\/11\/salon_imaginaire.jpg 679w, https:\/\/www.eugeniechidlin.com\/wp-content\/uploads\/2024\/11\/salon_imaginaire-212x300.jpg 212w, https:\/\/www.eugeniechidlin.com\/wp-content\/uploads\/2024\/11\/salon_imaginaire-42x60.jpg 42w\" sizes=\"(max-width: 679px) 100vw, 679px\" \/><\/a><\/figure><div class=\"wp-block-media-text__content\">\n<h2 class=\"wp-block-heading has-text-align-left\">Le Salon de l&rsquo;Imaginaire 2024<\/h2>\n\n\n\n<p><a href=\"https:\/\/www.salon-imaginaire.com\/session\/5211470a-cd75-ef11-9c35-6045bd8cf406\/dedicaces-samedi-et-dimanche\">S\u00e9ances de d\u00e9dicaces, meet &amp; greet<\/a><\/p>\n\n\n\n<p class=\"has-medium-font-size\">Dimanche 22 septembre<br><a href=\"https:\/\/www.salon-imaginaire.com\/session\/c39c68d9-cf6b-ef11-bdfd-6045bd9540d7\/qu-est-ce-qu-un-evenement-immersif-differences-et-explications\">Interview-conf\u00e9rence \u00ab\u00a0Les \u00e9v\u00e9nements immersifs\u00a0\u00bb<\/a><\/p>\n\n\n\n<p class=\"has-medium-font-size\">Samedi 21 septembre 2024, 18h00-19h00<br><a href=\"https:\/\/www.salon-imaginaire.com\/session\/7c1a35e7-1d6b-ef11-bdfd-6045bd9540d7\/melodies-en-cordes-concert-intimiste-a-la-guitare\">Concert avec Douchan Djukic \u00e0 la Guitare<\/a><\/p>\n\n\n\n<p class=\"has-medium-font-size\">Samedi 21 septembre 2024, 15h30-17h00<br><a href=\"https:\/\/www.salon-imaginaire.com\/session\/d47ef90c-146b-ef11-bdfd-6045bd9540d7\/conference-dessinee-feerique-avec-eugenie-chidlin-nora-moretti\">Conf\u00e9rence dessin\u00e9e f\u00e9\u00e9rique avec Nora Moretti<\/a><br><\/p>\n<\/div><\/div>\n\n\n\n<hr class=\"wp-block-separator has-alpha-channel-opacity\"\/>\n\n\n\n<div class=\"wp-block-media-text is-stacked-on-mobile is-vertically-aligned-center\" style=\"grid-template-columns:34% auto\"><figure class=\"wp-block-media-text__media\"><a href=\"https:\/\/event.imagin-con.org\/speaker\/fd5b1e1f-05e6-ee11-85fc-000d3a484728\/intervenante-suok-chan-eugenie-chidlin\"><img loading=\"lazy\" decoding=\"async\" width=\"960\" height=\"540\" src=\"https:\/\/www.eugeniechidlin.com\/wp-content\/uploads\/2024\/04\/SFJP-horizontal-1-1.jpg\" alt=\"\" class=\"wp-image-76 size-full\" srcset=\"https:\/\/www.eugeniechidlin.com\/wp-content\/uploads\/2024\/04\/SFJP-horizontal-1-1.jpg 960w, https:\/\/www.eugeniechidlin.com\/wp-content\/uploads\/2024\/04\/SFJP-horizontal-1-1-300x169.jpg 300w, https:\/\/www.eugeniechidlin.com\/wp-content\/uploads\/2024\/04\/SFJP-horizontal-1-1-768x432.jpg 768w, https:\/\/www.eugeniechidlin.com\/wp-content\/uploads\/2024\/04\/SFJP-horizontal-1-1-107x60.jpg 107w\" sizes=\"(max-width: 960px) 100vw, 960px\" \/><\/a><\/figure><div class=\"wp-block-media-text__content\">\n<h2 class=\"wp-block-heading has-text-align-left\">Le Salon Fantastique 2024<\/h2>\n\n\n\n<p class=\"has-medium-font-size\">Lundi 1er avril 2024, 12h45-13h45<br><a href=\"https:\/\/event.imagin-con.org\/session\/2559d6dc-cde6-ee11-85fc-000d3a484728\/concert-spectacle-creatures-etranges-par-suok-eugenie-chidlin-\">Concert-spectacle Cr\u00e9atures Etranges<\/a><\/p>\n\n\n\n<p class=\"has-medium-font-size\">Dimanche 31 mars 2024, 11h30-12h30<br><a href=\"https:\/\/event.imagin-con.org\/session\/1c049d98-bfe6-ee11-85fc-000d3a484728\/conference-les-fees-entre-mythe-et-realite-par-suok-eugenie-chidlin-\" data-type=\"link\" data-id=\"https:\/\/event.imagin-con.org\/session\/1c049d98-bfe6-ee11-85fc-000d3a484728\/conference-les-fees-entre-mythe-et-realite-par-suok-eugenie-chidlin-\">Conf\u00e9rence \u00ab\u00a0Les F\u00e9es : entre Mythe et R\u00e9alit\u00e9\u00a0\u00bb<\/a><\/p>\n\n\n\n<p class=\"has-medium-font-size\">Samedi 30 mars 2024, 12h00-13h00<br><a href=\"https:\/\/event.imagin-con.org\/session\/2559d6dc-cde6-ee11-85fc-000d3a484728\/concert-spectacle-creatures-etranges-par-suok-eugenie-chidlin-\" data-type=\"link\" data-id=\"https:\/\/event.imagin-con.org\/session\/2559d6dc-cde6-ee11-85fc-000d3a484728\/concert-spectacle-creatures-etranges-par-suok-eugenie-chidlin-\">Concert-spectacle Cr\u00e9atures Etranges<\/a><\/p>\n<\/div><\/div>\n\n\n\n<hr class=\"wp-block-separator has-alpha-channel-opacity\"\/>\n\n\n\n<div class=\"wp-block-media-text is-stacked-on-mobile\" style=\"grid-template-columns:34% auto\"><figure class=\"wp-block-media-text__media\"><a href=\"https:\/\/www.bulleberry.com\/\"><img loading=\"lazy\" decoding=\"async\" width=\"1024\" height=\"513\" src=\"https:\/\/www.eugeniechidlin.com\/wp-content\/uploads\/2024\/04\/bulleberry2023-1024x513.jpg\" alt=\"\" class=\"wp-image-77 size-full\" srcset=\"https:\/\/www.eugeniechidlin.com\/wp-content\/uploads\/2024\/04\/bulleberry2023-1024x513.jpg 1024w, https:\/\/www.eugeniechidlin.com\/wp-content\/uploads\/2024\/04\/bulleberry2023-300x150.jpg 300w, https:\/\/www.eugeniechidlin.com\/wp-content\/uploads\/2024\/04\/bulleberry2023-768x385.jpg 768w, https:\/\/www.eugeniechidlin.com\/wp-content\/uploads\/2024\/04\/bulleberry2023-120x60.jpg 120w, https:\/\/www.eugeniechidlin.com\/wp-content\/uploads\/2024\/04\/bulleberry2023.jpg 1186w\" sizes=\"(max-width: 1024px) 100vw, 1024px\" \/><\/a><\/figure><div class=\"wp-block-media-text__content\">\n<h2 class=\"wp-block-heading\">Festival BulleBerry 2023<\/h2>\n\n\n\n<p class=\"has-medium-font-size\">Dimanche 1er octobre 2023, 15h00-16h00<br><a href=\"https:\/\/www.bulleberry.com\/Les-animations-Bulleberry-2023\/#SaraConte\" data-type=\"link\" data-id=\"https:\/\/www.bulleberry.com\/Les-animations-Bulleberry-2023\/#SaraConte\">Cadavre exquis de conte : Princesse Sara<\/a><\/p>\n\n\n\n<p class=\"has-medium-font-size\">Samedi 30 septembre 2023, 15h00-16h15<br><a href=\"https:\/\/www.bulleberry.com\/Les-animations-Bulleberry-2023\/#Cosplay\" data-type=\"link\" data-id=\"https:\/\/www.bulleberry.com\/Les-animations-Bulleberry-2023\/#Cosplay\">Princesse Sara : cosplay dessin\u00e9 avec Nora Moretti<\/a><\/p>\n<\/div><\/div>\n\n\n\n<hr class=\"wp-block-separator has-alpha-channel-opacity\"\/>\n\n\n\n<div class=\"wp-block-media-text is-stacked-on-mobile\" style=\"grid-template-columns:34% auto\"><figure class=\"wp-block-media-text__media\"><img loading=\"lazy\" decoding=\"async\" width=\"754\" height=\"423\" src=\"https:\/\/www.eugeniechidlin.com\/wp-content\/uploads\/2024\/04\/gnjardindesfees-1.jpg\" alt=\"\" class=\"wp-image-132 size-full\" srcset=\"https:\/\/www.eugeniechidlin.com\/wp-content\/uploads\/2024\/04\/gnjardindesfees-1.jpg 754w, https:\/\/www.eugeniechidlin.com\/wp-content\/uploads\/2024\/04\/gnjardindesfees-1-300x168.jpg 300w, https:\/\/www.eugeniechidlin.com\/wp-content\/uploads\/2024\/04\/gnjardindesfees-1-107x60.jpg 107w\" sizes=\"(max-width: 754px) 100vw, 754px\" \/><\/figure><div class=\"wp-block-media-text__content\">\n<h2 class=\"wp-block-heading\">GN Le Jardin des F\u00e9es<\/h2>\n\n\n\n<p>Samedi 22 juillet 2023, 13h00<br>2e session du jeu<\/p>\n<\/div><\/div>\n","protected":false},"excerpt":{"rendered":"<p>Le Bal des Amants Maudits Samedi 15 f\u00e9vrier 2025Cliquez ici pour acc\u00e9der au lien de pr\u00e9-inscription Le Salon de l&rsquo;Imaginaire 2024 S\u00e9ances de d\u00e9dicaces, meet &amp; greet Dimanche 22 septembreInterview-conf\u00e9rence \u00ab\u00a0Les \u00e9v\u00e9nements immersifs\u00a0\u00bb Samedi 21 septembre 2024, 18h00-19h00Concert avec Douchan Djukic \u00e0 la Guitare Samedi 21 septembre 2024, 15h30-17h00Conf\u00e9rence dessin\u00e9e f\u00e9\u00e9rique avec Nora Moretti Le &hellip; <\/p>\n","protected":false},"author":1,"featured_media":0,"parent":0,"menu_order":0,"comment_status":"closed","ping_status":"closed","template":"","meta":{"footnotes":""},"_links":{"self":[{"href":"https:\/\/www.eugeniechidlin.com\/index.php\/wp-json\/wp\/v2\/pages\/36"}],"collection":[{"href":"https:\/\/www.eugeniechidlin.com\/index.php\/wp-json\/wp\/v2\/pages"}],"about":[{"href":"https:\/\/www.eugeniechidlin.com\/index.php\/wp-json\/wp\/v2\/types\/page"}],"author":[{"embeddable":true,"href":"https:\/\/www.eugeniechidlin.com\/index.php\/wp-json\/wp\/v2\/users\/1"}],"replies":[{"embeddable":true,"href":"https:\/\/www.eugeniechidlin.com\/index.php\/wp-json\/wp\/v2\/comments?post=36"}],"version-history":[{"count":16,"href":"https:\/\/www.eugeniechidlin.com\/index.php\/wp-json\/wp\/v2\/pages\/36\/revisions"}],"predecessor-version":[{"id":210,"href":"https:\/\/www.eugeniechidlin.com\/index.php\/wp-json\/wp\/v2\/pages\/36\/revisions\/210"}],"wp:attachment":[{"href":"https:\/\/www.eugeniechidlin.com\/index.php\/wp-json\/wp\/v2\/media?parent=36"}],"curies":[{"name":"wp","href":"https:\/\/api.w.org\/{rel}","templated":true}]}}