{"id":30,"date":"2020-09-02T16:20:34","date_gmt":"2020-09-02T14:20:34","guid":{"rendered":"https:\/\/www.eugeniechidlin.com\/?page_id=30"},"modified":"2024-11-26T02:37:15","modified_gmt":"2024-11-26T01:37:15","slug":"chanteuse","status":"publish","type":"page","link":"https:\/\/www.eugeniechidlin.com\/index.php\/chanteuse\/","title":{"rendered":"Ecrits"},"content":{"rendered":"\n<h2 class=\"wp-block-heading\">Blood Story<\/h2>\n\n\n\n<div class=\"wp-block-media-text is-stacked-on-mobile\" style=\"grid-template-columns:29% auto\"><figure class=\"wp-block-media-text__media\"><img loading=\"lazy\" decoding=\"async\" width=\"303\" height=\"445\" src=\"https:\/\/www.eugeniechidlin.com\/wp-content\/uploads\/2024\/04\/bloodstory.jpg\" alt=\"\" class=\"wp-image-99 size-full\" srcset=\"https:\/\/www.eugeniechidlin.com\/wp-content\/uploads\/2024\/04\/bloodstory.jpg 303w, https:\/\/www.eugeniechidlin.com\/wp-content\/uploads\/2024\/04\/bloodstory-204x300.jpg 204w, https:\/\/www.eugeniechidlin.com\/wp-content\/uploads\/2024\/04\/bloodstory-41x60.jpg 41w\" sizes=\"(max-width: 303px) 100vw, 303px\" \/><\/figure><div class=\"wp-block-media-text__content\">\n<p><strong>Thriller, Hugo &amp; Cie, 2008<\/strong><\/p>\n\n\n\n<p>Dans la course \u00e0 l&rsquo;audience, la t\u00e9l\u00e9-r\u00e9alit\u00e9 a invent\u00e9 un nouveau jeu : Blood story. R\u00e9unis dans une luxueuse villa, cinq hommes et cinq femmes doivent \u00eatre d\u00e9sign\u00e9s par le public, chaque semaine, comme victime ou comme bourreau. Le dernier qui survivra \u00e0 ce jeu de massacre o\u00f9 tous les coups sont permis, sortira riche et c\u00e9l\u00e8bre de la Villa.<\/p>\n<\/div><\/div>\n\n\n\n<hr class=\"wp-block-separator has-alpha-channel-opacity\"\/>\n\n\n\n<div class=\"wp-block-media-text is-stacked-on-mobile\" style=\"grid-template-columns:29% auto\"><figure class=\"wp-block-media-text__media\"><img loading=\"lazy\" decoding=\"async\" width=\"930\" height=\"1024\" src=\"https:\/\/www.eugeniechidlin.com\/wp-content\/uploads\/2024\/04\/cosplay-930x1024.jpg\" alt=\"\" class=\"wp-image-100 size-full\" srcset=\"https:\/\/www.eugeniechidlin.com\/wp-content\/uploads\/2024\/04\/cosplay-930x1024.jpg 930w, https:\/\/www.eugeniechidlin.com\/wp-content\/uploads\/2024\/04\/cosplay-272x300.jpg 272w, https:\/\/www.eugeniechidlin.com\/wp-content\/uploads\/2024\/04\/cosplay-768x846.jpg 768w, https:\/\/www.eugeniechidlin.com\/wp-content\/uploads\/2024\/04\/cosplay-54x60.jpg 54w, https:\/\/www.eugeniechidlin.com\/wp-content\/uploads\/2024\/04\/cosplay.jpg 1362w\" sizes=\"(max-width: 930px) 100vw, 930px\" \/><\/figure><div class=\"wp-block-media-text__content\">\n<h2 class=\"wp-block-heading\">Cosplay<\/h2>\n\n\n\n<p><strong>Guide \/ Belles images, Hugo &amp; Cie, 2011<\/strong><\/p>\n\n\n\n<p>Le cosplay provient de la contraction des mots \u00abcostume\u00bb et \u00abplaying\u00bb. Cr\u00e9\u00e9 aux \u00c9tats-Unis par les fans de&nbsp;<em>Star Wars<\/em>&nbsp;et de&nbsp;<em>Star Trek,<\/em>&nbsp;avant de conna\u00eetre une expansion fulgurante au Japon puis en Europe, ce loisir consiste \u00e0 entrer dans la peau d&rsquo;un personnage fictif. Dans ce livre, Eug\u00e9nie Chidlin et Andy Julia proposent de vous initier \u00e0 cet univers raffin\u00e9, burlesque, d\u00e9jant\u00e9, parfois provocant, mais jamais vulgaire.<\/p>\n<\/div><\/div>\n\n\n\n<hr class=\"wp-block-separator has-alpha-channel-opacity\"\/>\n\n\n\n<div class=\"wp-block-media-text is-stacked-on-mobile\" style=\"grid-template-columns:29% auto\"><figure class=\"wp-block-media-text__media\"><img loading=\"lazy\" decoding=\"async\" width=\"400\" height=\"631\" src=\"https:\/\/www.eugeniechidlin.com\/wp-content\/uploads\/2024\/04\/after4.jpg\" alt=\"\" class=\"wp-image-101 size-full\" srcset=\"https:\/\/www.eugeniechidlin.com\/wp-content\/uploads\/2024\/04\/after4.jpg 400w, https:\/\/www.eugeniechidlin.com\/wp-content\/uploads\/2024\/04\/after4-190x300.jpg 190w, https:\/\/www.eugeniechidlin.com\/wp-content\/uploads\/2024\/04\/after4-38x60.jpg 38w\" sizes=\"(max-width: 400px) 100vw, 400px\" \/><\/figure><div class=\"wp-block-media-text__content\">\n<h2 class=\"wp-block-heading\">Traduction : After tome 4, d&rsquo;Anna Todd<\/h2>\n\n\n\n<p><strong>Romance, Hugo &amp; Cie, 2015<\/strong>, traduction de l&rsquo;anglais vers le fran\u00e7ais du tome 4 du best-seller d&rsquo;Anna Todd.<\/p>\n\n\n\n<p>Tessa est une jeune fille ambitieuse, volontaire, r\u00e9serv\u00e9e. Elle contr\u00f4le sa vie. Son petit ami, Noah, est le gendre id\u00e9al. Son avenir est tout trac\u00e9 : de belles \u00e9tudes, un bon job \u00e0 la cl\u00e9, un mariage heureux\u2026<br>Mais \u00e7a, c\u2019\u00e9tait avant de rencontrer Hardin, bad boy, sexy, tatou\u00e9, pierc\u00e9. Grossier, provocateur et cruel, c\u2019est le type le plus d\u00e9testable que Tessa ait jamais crois\u00e9. Et pourtant, le jour o\u00f9 elle se retrouve seule avec lui, elle perd tout contr\u00f4le. Cet homme ing\u00e9rable fait na\u00eetre en elle une passion sans limites&#8230;.<\/p>\n<\/div><\/div>\n\n\n\n<hr class=\"wp-block-separator has-alpha-channel-opacity\"\/>\n\n\n\n<div class=\"wp-block-media-text is-stacked-on-mobile\" style=\"grid-template-columns:29% auto\"><figure class=\"wp-block-media-text__media\"><img loading=\"lazy\" decoding=\"async\" width=\"791\" height=\"1024\" src=\"https:\/\/www.eugeniechidlin.com\/wp-content\/uploads\/2024\/04\/escapegame-791x1024.jpg\" alt=\"\" class=\"wp-image-102 size-full\" srcset=\"https:\/\/www.eugeniechidlin.com\/wp-content\/uploads\/2024\/04\/escapegame-791x1024.jpg 791w, https:\/\/www.eugeniechidlin.com\/wp-content\/uploads\/2024\/04\/escapegame-232x300.jpg 232w, https:\/\/www.eugeniechidlin.com\/wp-content\/uploads\/2024\/04\/escapegame-768x994.jpg 768w, https:\/\/www.eugeniechidlin.com\/wp-content\/uploads\/2024\/04\/escapegame-1187x1536.jpg 1187w, https:\/\/www.eugeniechidlin.com\/wp-content\/uploads\/2024\/04\/escapegame-46x60.jpg 46w, https:\/\/www.eugeniechidlin.com\/wp-content\/uploads\/2024\/04\/escapegame.jpg 1198w\" sizes=\"(max-width: 791px) 100vw, 791px\" \/><\/figure><div class=\"wp-block-media-text__content\">\n<h2 class=\"wp-block-heading\">Jeu : Escape Game le Jardin des F\u00e9es<\/h2>\n\n\n\n<p><strong>Editions Drakoo, 2024<\/strong>, jeu cr\u00e9\u00e9 autour des BD Le Jardin des F\u00e9es, par Audrey Alwett (sc\u00e9nario), Nora Moretti (dessin) et Cytros Treb (couleur)<\/p>\n\n\n\n<p>Le but du jeu : r\u00e9ussir, en une heure, \u00e0 sauver la reine de la ruche touch\u00e9e par la malpourrance, une affection terrible.<br>Le contenu : Un livret avec les instructions, les diff\u00e9rentes \u00e9nigmes et activit\u00e9s, des cartes personnages ainsi que toutes les indications et \u00e9l\u00e9ments n\u00e9cessaires \u00e0 la mise en place du jeu. \u00c0 partir de 8 ans.<\/p>\n<\/div><\/div>\n","protected":false},"excerpt":{"rendered":"<p>Blood Story Thriller, Hugo &amp; Cie, 2008 Dans la course \u00e0 l&rsquo;audience, la t\u00e9l\u00e9-r\u00e9alit\u00e9 a invent\u00e9 un nouveau jeu : Blood story. R\u00e9unis dans une luxueuse villa, cinq hommes et cinq femmes doivent \u00eatre d\u00e9sign\u00e9s par le public, chaque semaine, comme victime ou comme bourreau. Le dernier qui survivra \u00e0 ce jeu de massacre o\u00f9 &hellip; <\/p>\n","protected":false},"author":1,"featured_media":0,"parent":0,"menu_order":0,"comment_status":"closed","ping_status":"closed","template":"","meta":{"footnotes":""},"_links":{"self":[{"href":"https:\/\/www.eugeniechidlin.com\/index.php\/wp-json\/wp\/v2\/pages\/30"}],"collection":[{"href":"https:\/\/www.eugeniechidlin.com\/index.php\/wp-json\/wp\/v2\/pages"}],"about":[{"href":"https:\/\/www.eugeniechidlin.com\/index.php\/wp-json\/wp\/v2\/types\/page"}],"author":[{"embeddable":true,"href":"https:\/\/www.eugeniechidlin.com\/index.php\/wp-json\/wp\/v2\/users\/1"}],"replies":[{"embeddable":true,"href":"https:\/\/www.eugeniechidlin.com\/index.php\/wp-json\/wp\/v2\/comments?post=30"}],"version-history":[{"count":15,"href":"https:\/\/www.eugeniechidlin.com\/index.php\/wp-json\/wp\/v2\/pages\/30\/revisions"}],"predecessor-version":[{"id":215,"href":"https:\/\/www.eugeniechidlin.com\/index.php\/wp-json\/wp\/v2\/pages\/30\/revisions\/215"}],"wp:attachment":[{"href":"https:\/\/www.eugeniechidlin.com\/index.php\/wp-json\/wp\/v2\/media?parent=30"}],"curies":[{"name":"wp","href":"https:\/\/api.w.org\/{rel}","templated":true}]}}